{"id":1503,"date":"2024-04-01T17:03:20","date_gmt":"2024-04-01T17:03:20","guid":{"rendered":"https:\/\/bikebag.info\/haendler-info\/"},"modified":"2024-04-11T12:41:07","modified_gmt":"2024-04-11T12:41:07","slug":"haendler-info","status":"publish","type":"page","link":"https:\/\/bikebag.info\/de\/haendler-info\/","title":{"rendered":"H\u00e4ndler-Info"},"content":{"rendered":"<p>[vc_row row_type=&#8220;row&#8220; use_row_as_full_screen_section=&#8220;no&#8220; type=&#8220;full_width&#8220; text_align=&#8220;left&#8220; background_animation=&#8220;none&#8220; css_animation=&#8220;&#8220;][vc_column][qode_elements_holder number_of_columns=&#8220;two_columns&#8220;][qode_elements_holder_item background_image=&#8220;1602&#8243; item_padding=&#8220;33px 33px 33px 33px&#8220;][vc_single_image image=&#8220;1646&#8243; img_size=&#8220;full&#8220; alignment=&#8220;center&#8220; qode_css_animation=&#8220;&#8220; css=&#8220;.vc_custom_1712789186023{padding-top: 77px !important;padding-right: 5% !important;padding-bottom: 77px !important;padding-left: 5% !important;}&#8220;][\/qode_elements_holder_item][qode_elements_holder_item background_color=&#8220;#dfe3b9&#8243; item_padding=&#8220;33px 33px 33px 0px&#8220; vertical_alignment=&#8220;top&#8220;][vc_column_text css=&#8220;.vc_custom_1711992378600{padding-left: 33px !important;}&#8220;]<\/p>\n<h1>Das ideale Werbegeschenk f\u00fcr Fahrradh\u00e4ndler und Vereine!<\/h1>\n<p>Sie suchen ein einzigartiges Werbegeschenk, das Ihre Kunden und Mitglieder begeistern wird? Unsere kleine, preisg\u00fcnstige Fahrradtasche ist die perfekte L\u00f6sung! Ideal f\u00fcr Fahrradh\u00e4ndler als Erg\u00e4nzung zu Ihren Produkten oder f\u00fcr Fahrradclubs als besonderes Weihnachtsgeschenk.[\/vc_column_text][\/qode_elements_holder_item][\/qode_elements_holder][\/vc_column][\/vc_row][vc_row row_type=&#8220;row&#8220; use_row_as_full_screen_section=&#8220;no&#8220; type=&#8220;full_width&#8220; text_align=&#8220;left&#8220; background_animation=&#8220;none&#8220; padding_top=&#8220;55&#8243; css_animation=&#8220;&#8220; css=&#8220;.vc_custom_1696357082166{padding-top: 33px !important;padding-right: 33px !important;padding-bottom: 33px !important;padding-left: 33px !important;}&#8220;][vc_column width=&#8220;1\/2&#8243;][vc_column_text]<strong>Warum unsere Fahrradtasche?<\/strong><\/p>\n<p>&nbsp;<\/p>\n<p><strong>Praktisch und vielseitig:<\/strong><br \/>\nDiese Tasche ist kompakt, leicht und bietet dennoch gen\u00fcgend Platz f\u00fcr die wichtigsten Dinge w\u00e4hrend einer Fahrradtour &#8211; sei es ein Snack, ein Getr\u00e4nk oder ein Ersatzschlauch;<\/p>\n<p>&nbsp;<\/p>\n<p><strong>Hochwertige Materialien:<\/strong><br \/>\nAus strapazierf\u00e4higem Material, das den Strapazen des Radsports standh\u00e4lt und gleichzeitig leicht zu reinigen ist.[\/vc_column_text][vc_empty_space height=&#8220;22px&#8220;][\/vc_column][vc_column width=&#8220;1\/2&#8243;][vc_column_text]<strong>Individuell gestaltbar mit Ihrem Logo:<\/strong><br \/>\nWir bieten Ihnen die M\u00f6glichkeit, Ihr Firmenlogo in einer Farbe (wei\u00df) auf der Tasche anzubringen, um ihr eine pers\u00f6nliche Note zu verleihen und gleichzeitig Ihre Marke zu pr\u00e4sentieren;<\/p>\n<p>&nbsp;<\/p>\n<p><strong>Attraktives Design:<\/strong><br \/>\nDie schlichte Eleganz dieser Fahrradtasche macht sie zu einem zeitlosen Accessoire, das von Radfahrern jeden Alters gesch\u00e4tzt wird;[\/vc_column_text][vc_empty_space height=&#8220;55px&#8220;][\/vc_column][\/vc_row][vc_row row_type=&#8220;row&#8220; use_row_as_full_screen_section=&#8220;no&#8220; type=&#8220;full_width&#8220; text_align=&#8220;left&#8220; background_animation=&#8220;none&#8220; css_animation=&#8220;&#8220;][vc_column][qode_elements_holder number_of_columns=&#8220;two_columns&#8220;][qode_elements_holder_item background_color=&#8220;#dfe3b9&#8243; item_padding=&#8220;33px 33px 33px 33px&#8220; vertical_alignment=&#8220;top&#8220;][vc_column_text]<\/p>\n<h1><strong>Jetzt anfragen!<\/strong><\/h1>\n<p>M\u00f6chten Sie mehr \u00fcber unsere Fahrradtaschen erfahren oder ein Angebot erhalten? Z\u00f6gern Sie nicht, uns zu kontaktieren; Wir stehen Ihnen zur Verf\u00fcgung, um Ihre Fragen zu beantworten und Ihnen bei der Realisierung dieses einzigartigen Werbegeschenks zu helfen.<\/p>\n<p>Kontaktieren Sie uns noch heute, um Ihre Bestellung aufzugeben und Ihre Kunden oder Mitglieder gl\u00fccklich zu machen!<\/p>\n<p>&nbsp;<\/p>\n<p><strong>E-Mail: <a href=\"mailto:info@bikebag.info\">info@bikebag.info<\/a><\/strong>[\/vc_column_text][\/qode_elements_holder_item][qode_elements_holder_item vertical_alignment=&#8220;top&#8220;][vc_single_image image=&#8220;1653&#8243; img_size=&#8220;full&#8220; qode_css_animation=&#8220;&#8220;][\/qode_elements_holder_item][\/qode_elements_holder][\/vc_column][\/vc_row][vc_row row_type=&#8220;row&#8220; use_row_as_full_screen_section=&#8220;no&#8220; type=&#8220;full_width&#8220; text_align=&#8220;left&#8220; background_animation=&#8220;none&#8220; padding_top=&#8220;55&#8243; css_animation=&#8220;&#8220;][vc_column][vc_gallery type=&#8220;image_grid&#8220; images=&#8220;271,265,262,1352,1402,1434,1418,1410,1422,1442,1438,1342&#8243; img_size=&#8220;500&#215;333&#8243; column_number=&#8220;3&#8243; grayscale=&#8220;no&#8220; space_between_images=&#8220;no&#8220;][vc_empty_space][vc_column_text]<\/p>\n<h1 style=\"text-align: center;\"><a href=\"mailto:info@bikebag.info\"><strong>&gt;Jetzt anfragen!<\/strong><\/a><\/h1>\n<p>[\/vc_column_text][\/vc_column][\/vc_row][vc_row row_type=&#8220;row&#8220; use_row_as_full_screen_section=&#8220;no&#8220; type=&#8220;full_width&#8220; text_align=&#8220;left&#8220; background_animation=&#8220;none&#8220; padding_top=&#8220;33&#8243; css_animation=&#8220;&#8220;][vc_column offset=&#8220;vc_hidden-xs&#8220;][vc_row_inner row_type=&#8220;row&#8220; type=&#8220;full_width&#8220; use_row_as_full_screen_section_slide=&#8220;no&#8220; text_align=&#8220;center&#8220; css_animation=&#8220;&#8220; background_color=&#8220;#dfe3b9&#8243; css=&#8220;.vc_custom_1712752451604{padding-top: 55px !important;padding-right: 55px !important;padding-bottom: 22px !important;padding-left: 55px !important;}&#8220;][vc_column_inner][vc_single_image image=&#8220;1571&#8243; img_size=&#8220;full&#8220; alignment=&#8220;center&#8220; qode_css_animation=&#8220;&#8220; css=&#8220;.vc_custom_1712752434818{padding-right: 10% !important;padding-left: 10% !important;}&#8220;][vc_empty_space][vc_column_text]<\/p>\n<p style=\"text-align: center;\"><strong><span style=\"color: #000000;\">\u00a9 BIKEBAG <\/span><\/strong><span style=\"color: #333333;\"><a style=\"color: #333333;\" href=\"http:\/\/logopilot.de\">by Logopilot<\/a> |<\/span><span style=\"color: #333333;\"><a style=\"color: #333333;\" href=\"https:\/\/bikebag.info\/impressum\/\">Impressum<\/a> | <a style=\"color: #333333;\" href=\"https:\/\/bikebag.info\/de\/newsletter\/\">Newsletter<\/a> | <a style=\"color: #333333;\" href=\"http:\/\/kickstarter.com\">Crowdfunding<\/a> | <a style=\"color: #333333;\" href=\"mailto:info@bikebag.info\">Contact<\/a><\/span><\/p>\n<p>[\/vc_column_text][\/vc_column_inner][\/vc_row_inner][\/vc_column][\/vc_row][vc_row row_type=&#8220;row&#8220; use_row_as_full_screen_section=&#8220;no&#8220; type=&#8220;full_width&#8220; text_align=&#8220;left&#8220; background_animation=&#8220;none&#8220; css_animation=&#8220;&#8220;][vc_column offset=&#8220;vc_hidden-lg vc_hidden-md vc_hidden-sm&#8220;][vc_row_inner row_type=&#8220;row&#8220; type=&#8220;full_width&#8220; use_row_as_full_screen_section_slide=&#8220;no&#8220; text_align=&#8220;left&#8220; css_animation=&#8220;&#8220; background_color=&#8220;#dfe3b9&#8243; css=&#8220;.vc_custom_1712765400412{padding-top: 22px !important;padding-right: 22px !important;padding-bottom: 22px !important;padding-left: 22px !important;}&#8220;][vc_column_inner offset=&#8220;vc_hidden-lg vc_hidden-md vc_hidden-sm&#8220;][vc_single_image image=&#8220;1109&#8243; img_size=&#8220;full&#8220; qode_css_animation=&#8220;&#8220;][vc_single_image image=&#8220;1113&#8243; img_size=&#8220;full&#8220; qode_css_animation=&#8220;&#8220;][vc_column_text]<\/p>\n<p style=\"text-align: center;\"><span style=\"color: #3d891f;\">\u00a9 BIKEBAG by <a style=\"color: #3d891f;\" href=\"http:\/\/logopilot.de\">Logopilot <\/a><\/span><\/p>\n<p style=\"text-align: center;\"><span style=\"color: #3d891f;\"><a style=\"color: #3d891f;\" href=\"https:\/\/bikebag.info\/impressum\/\">Impressum<\/a> | <a style=\"color: #3d891f;\" href=\"https:\/\/bikebag.info\/de\/newsletter\/\">Newsletter<\/a> | <a style=\"color: #3d891f;\" href=\"http:\/\/kickstarter.de\">Crowdfunding<\/a><\/span><\/p>\n<p>[\/vc_column_text][\/vc_column_inner][\/vc_row_inner][\/vc_column][\/vc_row]<\/p>\n","protected":false},"excerpt":{"rendered":"<p>[vc_row row_type=&#8220;row&#8220; use_row_as_full_screen_section=&#8220;no&#8220; type=&#8220;full_width&#8220; text_align=&#8220;left&#8220; background_animation=&#8220;none&#8220; css_animation=&#8220;&#8220;][vc_column][qode_elements_holder number_of_columns=&#8220;two_columns&#8220;][qode_elements_holder_item background_image=&#8220;1602&#8243; item_padding=&#8220;33px 33px 33px 33px&#8220;][vc_single_image image=&#8220;1646&#8243; img_size=&#8220;full&#8220; alignment=&#8220;center&#8220; qode_css_animation=&#8220;&#8220; css=&#8220;.vc_custom_1712789186023{padding-top: 77px !important;padding-right: 5% !important;padding-bottom: 77px !important;padding-left: 5% !important;}&#8220;][\/qode_elements_holder_item][qode_elements_holder_item background_color=&#8220;#dfe3b9&#8243; item_padding=&#8220;33px 33px 33px 0px&#8220; vertical_alignment=&#8220;top&#8220;][vc_column_text css=&#8220;.vc_custom_1711992378600{padding-left: 33px !important;}&#8220;] Das ideale Werbegeschenk f\u00fcr Fahrradh\u00e4ndler und Vereine! Sie suchen ein&#8230;<\/p>\n","protected":false},"author":1,"featured_media":0,"parent":0,"menu_order":0,"comment_status":"closed","ping_status":"closed","template":"","meta":{"footnotes":""},"class_list":["post-1503","page","type-page","status-publish","hentry"],"yoast_head":"<!-- This site is optimized with the Yoast SEO plugin v27.5 - https:\/\/yoast.com\/product\/yoast-seo-wordpress\/ -->\n<title>H\u00e4ndler-Info - BIKEBAG<\/title>\n<meta name=\"robots\" content=\"index, follow, max-snippet:-1, max-image-preview:large, max-video-preview:-1\" \/>\n<link rel=\"canonical\" href=\"https:\/\/bikebag.info\/de\/haendler-info\/\" \/>\n<meta property=\"og:locale\" content=\"de_DE\" \/>\n<meta property=\"og:type\" content=\"article\" \/>\n<meta property=\"og:title\" content=\"H\u00e4ndler-Info - BIKEBAG\" \/>\n<meta property=\"og:description\" content=\"[vc_row row_type=&#8220;row&#8220; use_row_as_full_screen_section=&#8220;no&#8220; type=&#8220;full_width&#8220; text_align=&#8220;left&#8220; background_animation=&#8220;none&#8220; css_animation=&#8220;&#8220;][vc_column][qode_elements_holder number_of_columns=&#8220;two_columns&#8220;][qode_elements_holder_item background_image=&#8220;1602&#8243; item_padding=&#8220;33px 33px 33px 33px&#8220;][vc_single_image image=&#8220;1646&#8243; img_size=&#8220;full&#8220; alignment=&#8220;center&#8220; qode_css_animation=&#8220;&#8220; css=&#8220;.vc_custom_1712789186023{padding-top: 77px !important;padding-right: 5% !important;padding-bottom: 77px !important;padding-left: 5% !important;}&#8220;][\/qode_elements_holder_item][qode_elements_holder_item background_color=&#8220;#dfe3b9&#8243; item_padding=&#8220;33px 33px 33px 0px&#8220; vertical_alignment=&#8220;top&#8220;][vc_column_text css=&#8220;.vc_custom_1711992378600{padding-left: 33px !important;}&#8220;] Das ideale Werbegeschenk f\u00fcr Fahrradh\u00e4ndler und Vereine! Sie suchen ein...\" \/>\n<meta property=\"og:url\" content=\"https:\/\/bikebag.info\/de\/haendler-info\/\" \/>\n<meta property=\"og:site_name\" content=\"BIKEBAG\" \/>\n<meta property=\"article:modified_time\" content=\"2024-04-11T12:41:07+00:00\" \/>\n<meta name=\"twitter:card\" content=\"summary_large_image\" \/>\n<meta name=\"twitter:label1\" content=\"Gesch\u00e4tzte Lesezeit\" \/>\n\t<meta name=\"twitter:data1\" content=\"4\u00a0Minuten\" \/>\n<script type=\"application\/ld+json\" class=\"yoast-schema-graph\">{\"@context\":\"https:\\\/\\\/schema.org\",\"@graph\":[{\"@type\":\"WebPage\",\"@id\":\"https:\\\/\\\/bikebag.info\\\/de\\\/haendler-info\\\/\",\"url\":\"https:\\\/\\\/bikebag.info\\\/de\\\/haendler-info\\\/\",\"name\":\"H\u00e4ndler-Info - BIKEBAG\",\"isPartOf\":{\"@id\":\"https:\\\/\\\/bikebag.info\\\/de\\\/#website\"},\"datePublished\":\"2024-04-01T17:03:20+00:00\",\"dateModified\":\"2024-04-11T12:41:07+00:00\",\"breadcrumb\":{\"@id\":\"https:\\\/\\\/bikebag.info\\\/de\\\/haendler-info\\\/#breadcrumb\"},\"inLanguage\":\"de\",\"potentialAction\":[{\"@type\":\"ReadAction\",\"target\":[\"https:\\\/\\\/bikebag.info\\\/de\\\/haendler-info\\\/\"]}]},{\"@type\":\"BreadcrumbList\",\"@id\":\"https:\\\/\\\/bikebag.info\\\/de\\\/haendler-info\\\/#breadcrumb\",\"itemListElement\":[{\"@type\":\"ListItem\",\"position\":1,\"name\":\"Home\",\"item\":\"https:\\\/\\\/bikebag.info\\\/de\\\/start\\\/\"},{\"@type\":\"ListItem\",\"position\":2,\"name\":\"H\u00e4ndler-Info\"}]},{\"@type\":\"WebSite\",\"@id\":\"https:\\\/\\\/bikebag.info\\\/de\\\/#website\",\"url\":\"https:\\\/\\\/bikebag.info\\\/de\\\/\",\"name\":\"BIKEBAG\",\"description\":\"fast, flex and easy bike bag\",\"publisher\":{\"@id\":\"https:\\\/\\\/bikebag.info\\\/de\\\/#organization\"},\"potentialAction\":[{\"@type\":\"SearchAction\",\"target\":{\"@type\":\"EntryPoint\",\"urlTemplate\":\"https:\\\/\\\/bikebag.info\\\/de\\\/?s={search_term_string}\"},\"query-input\":{\"@type\":\"PropertyValueSpecification\",\"valueRequired\":true,\"valueName\":\"search_term_string\"}}],\"inLanguage\":\"de\"},{\"@type\":\"Organization\",\"@id\":\"https:\\\/\\\/bikebag.info\\\/de\\\/#organization\",\"name\":\"BIKEBAG\",\"url\":\"https:\\\/\\\/bikebag.info\\\/de\\\/\",\"logo\":{\"@type\":\"ImageObject\",\"inLanguage\":\"de\",\"@id\":\"https:\\\/\\\/bikebag.info\\\/de\\\/#\\\/schema\\\/logo\\\/image\\\/\",\"url\":\"https:\\\/\\\/bikebag.info\\\/wp-content\\\/uploads\\\/2023\\\/09\\\/bb-logo-big-300.png\",\"contentUrl\":\"https:\\\/\\\/bikebag.info\\\/wp-content\\\/uploads\\\/2023\\\/09\\\/bb-logo-big-300.png\",\"width\":300,\"height\":83,\"caption\":\"BIKEBAG\"},\"image\":{\"@id\":\"https:\\\/\\\/bikebag.info\\\/de\\\/#\\\/schema\\\/logo\\\/image\\\/\"}}]}<\/script>\n<!-- \/ Yoast SEO plugin. -->","yoast_head_json":{"title":"H\u00e4ndler-Info - BIKEBAG","robots":{"index":"index","follow":"follow","max-snippet":"max-snippet:-1","max-image-preview":"max-image-preview:large","max-video-preview":"max-video-preview:-1"},"canonical":"https:\/\/bikebag.info\/de\/haendler-info\/","og_locale":"de_DE","og_type":"article","og_title":"H\u00e4ndler-Info - BIKEBAG","og_description":"[vc_row row_type=&#8220;row&#8220; use_row_as_full_screen_section=&#8220;no&#8220; type=&#8220;full_width&#8220; text_align=&#8220;left&#8220; background_animation=&#8220;none&#8220; css_animation=&#8220;&#8220;][vc_column][qode_elements_holder number_of_columns=&#8220;two_columns&#8220;][qode_elements_holder_item background_image=&#8220;1602&#8243; item_padding=&#8220;33px 33px 33px 33px&#8220;][vc_single_image image=&#8220;1646&#8243; img_size=&#8220;full&#8220; alignment=&#8220;center&#8220; qode_css_animation=&#8220;&#8220; css=&#8220;.vc_custom_1712789186023{padding-top: 77px !important;padding-right: 5% !important;padding-bottom: 77px !important;padding-left: 5% !important;}&#8220;][\/qode_elements_holder_item][qode_elements_holder_item background_color=&#8220;#dfe3b9&#8243; item_padding=&#8220;33px 33px 33px 0px&#8220; vertical_alignment=&#8220;top&#8220;][vc_column_text css=&#8220;.vc_custom_1711992378600{padding-left: 33px !important;}&#8220;] Das ideale Werbegeschenk f\u00fcr Fahrradh\u00e4ndler und Vereine! Sie suchen ein...","og_url":"https:\/\/bikebag.info\/de\/haendler-info\/","og_site_name":"BIKEBAG","article_modified_time":"2024-04-11T12:41:07+00:00","twitter_card":"summary_large_image","twitter_misc":{"Gesch\u00e4tzte Lesezeit":"4\u00a0Minuten"},"schema":{"@context":"https:\/\/schema.org","@graph":[{"@type":"WebPage","@id":"https:\/\/bikebag.info\/de\/haendler-info\/","url":"https:\/\/bikebag.info\/de\/haendler-info\/","name":"H\u00e4ndler-Info - BIKEBAG","isPartOf":{"@id":"https:\/\/bikebag.info\/de\/#website"},"datePublished":"2024-04-01T17:03:20+00:00","dateModified":"2024-04-11T12:41:07+00:00","breadcrumb":{"@id":"https:\/\/bikebag.info\/de\/haendler-info\/#breadcrumb"},"inLanguage":"de","potentialAction":[{"@type":"ReadAction","target":["https:\/\/bikebag.info\/de\/haendler-info\/"]}]},{"@type":"BreadcrumbList","@id":"https:\/\/bikebag.info\/de\/haendler-info\/#breadcrumb","itemListElement":[{"@type":"ListItem","position":1,"name":"Home","item":"https:\/\/bikebag.info\/de\/start\/"},{"@type":"ListItem","position":2,"name":"H\u00e4ndler-Info"}]},{"@type":"WebSite","@id":"https:\/\/bikebag.info\/de\/#website","url":"https:\/\/bikebag.info\/de\/","name":"BIKEBAG","description":"fast, flex and easy bike bag","publisher":{"@id":"https:\/\/bikebag.info\/de\/#organization"},"potentialAction":[{"@type":"SearchAction","target":{"@type":"EntryPoint","urlTemplate":"https:\/\/bikebag.info\/de\/?s={search_term_string}"},"query-input":{"@type":"PropertyValueSpecification","valueRequired":true,"valueName":"search_term_string"}}],"inLanguage":"de"},{"@type":"Organization","@id":"https:\/\/bikebag.info\/de\/#organization","name":"BIKEBAG","url":"https:\/\/bikebag.info\/de\/","logo":{"@type":"ImageObject","inLanguage":"de","@id":"https:\/\/bikebag.info\/de\/#\/schema\/logo\/image\/","url":"https:\/\/bikebag.info\/wp-content\/uploads\/2023\/09\/bb-logo-big-300.png","contentUrl":"https:\/\/bikebag.info\/wp-content\/uploads\/2023\/09\/bb-logo-big-300.png","width":300,"height":83,"caption":"BIKEBAG"},"image":{"@id":"https:\/\/bikebag.info\/de\/#\/schema\/logo\/image\/"}}]}},"_links":{"self":[{"href":"https:\/\/bikebag.info\/de\/wp-json\/wp\/v2\/pages\/1503","targetHints":{"allow":["GET"]}}],"collection":[{"href":"https:\/\/bikebag.info\/de\/wp-json\/wp\/v2\/pages"}],"about":[{"href":"https:\/\/bikebag.info\/de\/wp-json\/wp\/v2\/types\/page"}],"author":[{"embeddable":true,"href":"https:\/\/bikebag.info\/de\/wp-json\/wp\/v2\/users\/1"}],"replies":[{"embeddable":true,"href":"https:\/\/bikebag.info\/de\/wp-json\/wp\/v2\/comments?post=1503"}],"version-history":[{"count":26,"href":"https:\/\/bikebag.info\/de\/wp-json\/wp\/v2\/pages\/1503\/revisions"}],"predecessor-version":[{"id":1782,"href":"https:\/\/bikebag.info\/de\/wp-json\/wp\/v2\/pages\/1503\/revisions\/1782"}],"wp:attachment":[{"href":"https:\/\/bikebag.info\/de\/wp-json\/wp\/v2\/media?parent=1503"}],"curies":[{"name":"wp","href":"https:\/\/api.w.org\/{rel}","templated":true}]}}