{"id":1511,"date":"2024-04-01T17:03:20","date_gmt":"2024-04-01T17:03:20","guid":{"rendered":"https:\/\/bikebag.info\/informacion-del-concesionario\/"},"modified":"2024-04-11T12:45:55","modified_gmt":"2024-04-11T12:45:55","slug":"informacion-del-concesionario","status":"publish","type":"page","link":"https:\/\/bikebag.info\/es\/informacion-del-concesionario\/","title":{"rendered":"Informaci\u00f3n del concesionario"},"content":{"rendered":"<p>[vc_row row_type=\u00bbrow\u00bb use_row_as_full_screen_section=\u00bbno\u00bb type=\u00bbfull_width\u00bb text_align=\u00bbleft\u00bb background_animation=\u00bbnone\u00bb css_animation=\u00bb\u00bb][vc_column][qode_elements_holder number_of_columns=\u00bbtwo_columns\u00bb][qode_elements_holder_item background_image=\u00bb1602&#8243; item_padding=\u00bb33px 33px 33px 33px\u00bb][vc_single_image image=\u00bb1647&#8243; img_size=\u00bbfull\u00bb alignment=\u00bbcenter\u00bb qode_css_animation=\u00bb\u00bb css=\u00bb.vc_custom_1712789186023{padding-top: 77px !important;padding-right: 5% !important;padding-bottom: 77px !important;padding-left: 5% !important;}\u00bb][\/qode_elements_holder_item][qode_elements_holder_item background_color=\u00bb#dfe3b9&#8243; item_padding=\u00bb33px 33px 33px 0px\u00bb vertical_alignment=\u00bbtop\u00bb][vc_column_text css=\u00bb.vc_custom_1711992378600{padding-left: 33px !important;}\u00bb]<\/p>\n<h1>El regalo promocional ideal para distribuidores de bicicletas y clubes<\/h1>\n<p>\u00bfBusca un regalo promocional \u00fanico que haga las delicias de sus clientes y socios? Nuestra peque\u00f1a y econ\u00f3mica bolsa para bicicletas es la soluci\u00f3n perfecta Ideal para distribuidores de bicicletas como complemento de sus productos o para clubes ciclistas como regalo especial de Navidad[\/vc_column_text][\/qode_elements_holder_item][\/qode_elements_holder][\/vc_column][\/vc_row][vc_row row_type=\u00bbrow\u00bb use_row_as_full_screen_section=\u00bbno\u00bb type=\u00bbfull_width\u00bb text_align=\u00bbleft\u00bb background_animation=\u00bbnone\u00bb padding_top=\u00bb55&#8243; css_animation=\u00bb\u00bb css=\u00bb.vc_custom_1696357082166{padding-top: 33px !important;padding-right: 33px !important;padding-bottom: 33px !important;padding-left: 33px !important;}\u00bb][vc_column width=\u00bb1\/2&#8243;][vc_column_text]<strong>\u00bfPor qu\u00e9 nuestra bolsa para bicicletas?<\/strong><\/p>\n<p>&nbsp;<\/p>\n<p><strong>Pr\u00e1ctico y vers\u00e1til:<\/strong><br \/>\nEsta bolsa es compacta, ligera y ofrece espacio suficiente para los objetos m\u00e1s importantes durante un paseo en bicicleta, ya sea un tentempi\u00e9, una bebida o una c\u00e1mara de repuesto<\/p>\n<p>&nbsp;<\/p>\n<p><strong>Materiales de alta calidad:<\/strong><br \/>\nFabricado con un material duradero que puede soportar los rigores del ciclismo a la vez que es f\u00e1cil de limpiar[\/vc_column_text][vc_empty_space height=\u00bb22px\u00bb][\/vc_column][vc_column width=\u00bb1\/2&#8243;][vc_column_text]<strong>Personalizable con su logotipo:<\/strong><br \/>\nOfrecemos la opci\u00f3n de a\u00f1adir el logotipo de su empresa en un solo color (blanco) a la bolsa para a\u00f1adir un toque personalizado a la vez que muestra su marca<\/p>\n<p>&nbsp;<\/p>\n<p><strong>Dise\u00f1o atractivo:<\/strong><br \/>\nLa sencilla elegancia de esta bolsa para bicicleta la convierte en un accesorio atemporal que apreciar\u00e1n los ciclistas de todas las edades;[\/vc_column_text][vc_empty_space height=\u00bb55px\u00bb][\/vc_column][\/vc_row][vc_row row_type=\u00bbrow\u00bb use_row_as_full_screen_section=\u00bbno\u00bb type=\u00bbfull_width\u00bb text_align=\u00bbleft\u00bb background_animation=\u00bbnone\u00bb css_animation=\u00bb\u00bb][vc_column][qode_elements_holder number_of_columns=\u00bbtwo_columns\u00bb][qode_elements_holder_item background_color=\u00bb#dfe3b9&#8243; item_padding=\u00bb33px 33px 33px 33px\u00bb vertical_alignment=\u00bbtop\u00bb][vc_column_text]<\/p>\n<h1><strong>Inf\u00f3rmese ahora;<\/strong><\/h1>\n<p>\u00bfDesea m\u00e1s informaci\u00f3n sobre nuestra bolsa para bicicletas o recibir un presupuesto? No dude en ponerse en contacto con nosotros Estamos a su disposici\u00f3n para responder a sus preguntas y ayudarle a realizar este regalo promocional \u00fanico<\/p>\n<p>P\u00f3ngase en contacto con nosotros hoy mismo para realizar su pedido y hacer felices a sus clientes o socios<\/p>\n<p>&nbsp;<\/p>\n<p><strong>Email: <a href=\"mailto:info@bikebag.info\">info@bikebag.info<\/a><\/strong>[\/vc_column_text][\/qode_elements_holder_item][qode_elements_holder_item vertical_alignment=\u00bbtop\u00bb][vc_single_image image=\u00bb1654&#8243; img_size=\u00bbfull\u00bb qode_css_animation=\u00bb\u00bb][\/qode_elements_holder_item][\/qode_elements_holder][\/vc_column][\/vc_row][vc_row row_type=\u00bbrow\u00bb use_row_as_full_screen_section=\u00bbno\u00bb type=\u00bbfull_width\u00bb text_align=\u00bbleft\u00bb background_animation=\u00bbnone\u00bb padding_top=\u00bb55&#8243; css_animation=\u00bb\u00bb][vc_column][vc_gallery type=\u00bbimage_grid\u00bb images=\u00bb272,266,263,1353,1403,1435,1419,1411,1423,1443,1439,1343&#8243; img_size=\u00bb500&#215;333&#8243; column_number=\u00bb3&#8243; grayscale=\u00bbno\u00bb space_between_images=\u00bbno\u00bb][vc_empty_space][vc_column_text]<\/p>\n<h1 style=\"text-align: center;\"><a href=\"mailto:info@bikebag.info\"><strong>&gt;Inf\u00f3rmese ahora;<\/strong><\/a><\/h1>\n<p>[\/vc_column_text][\/vc_column][\/vc_row][vc_row row_type=\u00bbrow\u00bb use_row_as_full_screen_section=\u00bbno\u00bb type=\u00bbfull_width\u00bb text_align=\u00bbleft\u00bb background_animation=\u00bbnone\u00bb padding_top=\u00bb33&#8243; css_animation=\u00bb\u00bb][vc_column offset=\u00bbvc_hidden-xs\u00bb][vc_row_inner row_type=\u00bbrow\u00bb type=\u00bbfull_width\u00bb use_row_as_full_screen_section_slide=\u00bbno\u00bb text_align=\u00bbcenter\u00bb css_animation=\u00bb\u00bb background_color=\u00bb#dfe3b9&#8243; css=\u00bb.vc_custom_1712752451604{padding-top: 55px !important;padding-right: 55px !important;padding-bottom: 22px !important;padding-left: 55px !important;}\u00bb][vc_column_inner][vc_single_image image=\u00bb1572&#8243; img_size=\u00bbfull\u00bb alignment=\u00bbcenter\u00bb qode_css_animation=\u00bb\u00bb css=\u00bb.vc_custom_1712752434818{padding-right: 10% !important;padding-left: 10% !important;}\u00bb][vc_empty_space][vc_column_text]<\/p>\n<p style=\"text-align: center;\"><strong><span style=\"color: #000000;\">\u00a9 BIKEBAG <\/span><\/strong><span style=\"color: #333333;\"><a style=\"color: #333333;\" href=\"http:\/\/logopilot.de\">by Logopilot<\/a> |<\/span><span style=\"color: #333333;\"><a style=\"color: #333333;\" href=\"https:\/\/bikebag.info\/impressum\/\">Impressum<\/a> | <a style=\"color: #333333;\" href=\"https:\/\/bikebag.info\/es\/newsletter\/\">Newsletter<\/a> | <a style=\"color: #333333;\" href=\"http:\/\/kickstarter.com\">Crowdfunding<\/a> | <a style=\"color: #333333;\" href=\"mailto:info@bikebag.info\">Contact<\/a><\/span><\/p>\n<p>[\/vc_column_text][\/vc_column_inner][\/vc_row_inner][\/vc_column][\/vc_row][vc_row row_type=\u00bbrow\u00bb use_row_as_full_screen_section=\u00bbno\u00bb type=\u00bbfull_width\u00bb text_align=\u00bbleft\u00bb background_animation=\u00bbnone\u00bb css_animation=\u00bb\u00bb][vc_column offset=\u00bbvc_hidden-lg vc_hidden-md vc_hidden-sm\u00bb][vc_row_inner row_type=\u00bbrow\u00bb type=\u00bbfull_width\u00bb use_row_as_full_screen_section_slide=\u00bbno\u00bb text_align=\u00bbleft\u00bb css_animation=\u00bb\u00bb background_color=\u00bb#dfe3b9&#8243; css=\u00bb.vc_custom_1712765400412{padding-top: 22px !important;padding-right: 22px !important;padding-bottom: 22px !important;padding-left: 22px !important;}\u00bb][vc_column_inner offset=\u00bbvc_hidden-lg vc_hidden-md vc_hidden-sm\u00bb][vc_single_image image=\u00bb1110&#8243; img_size=\u00bbfull\u00bb qode_css_animation=\u00bb\u00bb][vc_single_image image=\u00bb1114&#8243; img_size=\u00bbfull\u00bb qode_css_animation=\u00bb\u00bb][vc_column_text]<\/p>\n<p style=\"text-align: center;\"><span style=\"color: #3d891f;\">\u00a9 BIKEBAGby <a style=\"color: #3d891f;\" href=\"http:\/\/logopilot.de\">Logopilot<\/a><\/span><\/p>\n<p style=\"text-align: center;\"><span style=\"color: #3d891f;\"><a style=\"color: #3d891f;\" href=\"https:\/\/bikebag.info\/impressum\/\">Impressum<\/a> | <a style=\"color: #3d891f;\" href=\"https:\/\/bikebag.info\/es\/newsletter\/\">Newsletter<\/a> | <a style=\"color: #3d891f;\" href=\"http:\/\/kickstarter.de\">Crowdfunding<\/a><\/span><\/p>\n<p>[\/vc_column_text][\/vc_column_inner][\/vc_row_inner][\/vc_column][\/vc_row]<\/p>\n","protected":false},"excerpt":{"rendered":"<p>[vc_row row_type=\u00bbrow\u00bb use_row_as_full_screen_section=\u00bbno\u00bb type=\u00bbfull_width\u00bb text_align=\u00bbleft\u00bb background_animation=\u00bbnone\u00bb css_animation=\u00bb\u00bb][vc_column][qode_elements_holder number_of_columns=\u00bbtwo_columns\u00bb][qode_elements_holder_item background_image=\u00bb1602&#8243; item_padding=\u00bb33px 33px 33px 33px\u00bb][vc_single_image image=\u00bb1647&#8243; img_size=\u00bbfull\u00bb alignment=\u00bbcenter\u00bb qode_css_animation=\u00bb\u00bb css=\u00bb.vc_custom_1712789186023{padding-top: 77px !important;padding-right: 5% !important;padding-bottom: 77px !important;padding-left: 5% !important;}\u00bb][\/qode_elements_holder_item][qode_elements_holder_item background_color=\u00bb#dfe3b9&#8243; item_padding=\u00bb33px 33px 33px 0px\u00bb vertical_alignment=\u00bbtop\u00bb][vc_column_text css=\u00bb.vc_custom_1711992378600{padding-left: 33px !important;}\u00bb] El regalo promocional ideal para distribuidores de bicicletas y clubes&#8230;<\/p>\n","protected":false},"author":1,"featured_media":0,"parent":0,"menu_order":0,"comment_status":"closed","ping_status":"closed","template":"","meta":{"footnotes":""},"class_list":["post-1511","page","type-page","status-publish","hentry"],"yoast_head":"<!-- This site is optimized with the Yoast SEO plugin v27.4 - https:\/\/yoast.com\/product\/yoast-seo-wordpress\/ -->\n<title>Informaci\u00f3n del concesionario - BIKEBAG<\/title>\n<meta name=\"robots\" content=\"index, follow, max-snippet:-1, max-image-preview:large, max-video-preview:-1\" \/>\n<link rel=\"canonical\" href=\"https:\/\/bikebag.info\/es\/informacion-del-concesionario\/\" \/>\n<meta property=\"og:locale\" content=\"es_ES\" \/>\n<meta property=\"og:type\" content=\"article\" \/>\n<meta property=\"og:title\" content=\"Informaci\u00f3n del concesionario - BIKEBAG\" \/>\n<meta property=\"og:description\" content=\"[vc_row row_type=\u00bbrow\u00bb use_row_as_full_screen_section=\u00bbno\u00bb type=\u00bbfull_width\u00bb text_align=\u00bbleft\u00bb background_animation=\u00bbnone\u00bb css_animation=\u00bb\u00bb][vc_column][qode_elements_holder number_of_columns=\u00bbtwo_columns\u00bb][qode_elements_holder_item background_image=\u00bb1602&#8243; item_padding=\u00bb33px 33px 33px 33px\u00bb][vc_single_image image=\u00bb1647&#8243; img_size=\u00bbfull\u00bb alignment=\u00bbcenter\u00bb qode_css_animation=\u00bb\u00bb css=\u00bb.vc_custom_1712789186023{padding-top: 77px !important;padding-right: 5% !important;padding-bottom: 77px !important;padding-left: 5% !important;}\u00bb][\/qode_elements_holder_item][qode_elements_holder_item background_color=\u00bb#dfe3b9&#8243; item_padding=\u00bb33px 33px 33px 0px\u00bb vertical_alignment=\u00bbtop\u00bb][vc_column_text css=\u00bb.vc_custom_1711992378600{padding-left: 33px !important;}\u00bb] El regalo promocional ideal para distribuidores de bicicletas y clubes...\" \/>\n<meta property=\"og:url\" content=\"https:\/\/bikebag.info\/es\/informacion-del-concesionario\/\" \/>\n<meta property=\"og:site_name\" content=\"BIKEBAG\" \/>\n<meta property=\"article:modified_time\" content=\"2024-04-11T12:45:55+00:00\" \/>\n<meta name=\"twitter:card\" content=\"summary_large_image\" \/>\n<meta name=\"twitter:label1\" content=\"Tiempo de lectura\" \/>\n\t<meta name=\"twitter:data1\" content=\"4 minutos\" \/>\n<script type=\"application\/ld+json\" class=\"yoast-schema-graph\">{\"@context\":\"https:\\\/\\\/schema.org\",\"@graph\":[{\"@type\":\"WebPage\",\"@id\":\"https:\\\/\\\/bikebag.info\\\/es\\\/informacion-del-concesionario\\\/\",\"url\":\"https:\\\/\\\/bikebag.info\\\/es\\\/informacion-del-concesionario\\\/\",\"name\":\"Informaci\u00f3n del concesionario - BIKEBAG\",\"isPartOf\":{\"@id\":\"https:\\\/\\\/bikebag.info\\\/es\\\/#website\"},\"datePublished\":\"2024-04-01T17:03:20+00:00\",\"dateModified\":\"2024-04-11T12:45:55+00:00\",\"breadcrumb\":{\"@id\":\"https:\\\/\\\/bikebag.info\\\/es\\\/informacion-del-concesionario\\\/#breadcrumb\"},\"inLanguage\":\"es\",\"potentialAction\":[{\"@type\":\"ReadAction\",\"target\":[\"https:\\\/\\\/bikebag.info\\\/es\\\/informacion-del-concesionario\\\/\"]}]},{\"@type\":\"BreadcrumbList\",\"@id\":\"https:\\\/\\\/bikebag.info\\\/es\\\/informacion-del-concesionario\\\/#breadcrumb\",\"itemListElement\":[{\"@type\":\"ListItem\",\"position\":1,\"name\":\"Home\",\"item\":\"https:\\\/\\\/bikebag.info\\\/es\\\/inicio\\\/\"},{\"@type\":\"ListItem\",\"position\":2,\"name\":\"Informaci\u00f3n del concesionario\"}]},{\"@type\":\"WebSite\",\"@id\":\"https:\\\/\\\/bikebag.info\\\/es\\\/#website\",\"url\":\"https:\\\/\\\/bikebag.info\\\/es\\\/\",\"name\":\"BIKEBAG\",\"description\":\"fast, flex and easy bike bag\",\"publisher\":{\"@id\":\"https:\\\/\\\/bikebag.info\\\/es\\\/#organization\"},\"potentialAction\":[{\"@type\":\"SearchAction\",\"target\":{\"@type\":\"EntryPoint\",\"urlTemplate\":\"https:\\\/\\\/bikebag.info\\\/es\\\/?s={search_term_string}\"},\"query-input\":{\"@type\":\"PropertyValueSpecification\",\"valueRequired\":true,\"valueName\":\"search_term_string\"}}],\"inLanguage\":\"es\"},{\"@type\":\"Organization\",\"@id\":\"https:\\\/\\\/bikebag.info\\\/es\\\/#organization\",\"name\":\"BIKEBAG\",\"url\":\"https:\\\/\\\/bikebag.info\\\/es\\\/\",\"logo\":{\"@type\":\"ImageObject\",\"inLanguage\":\"es\",\"@id\":\"https:\\\/\\\/bikebag.info\\\/es\\\/#\\\/schema\\\/logo\\\/image\\\/\",\"url\":\"https:\\\/\\\/bikebag.info\\\/wp-content\\\/uploads\\\/2023\\\/09\\\/bb-logo-big-300.png\",\"contentUrl\":\"https:\\\/\\\/bikebag.info\\\/wp-content\\\/uploads\\\/2023\\\/09\\\/bb-logo-big-300.png\",\"width\":300,\"height\":83,\"caption\":\"BIKEBAG\"},\"image\":{\"@id\":\"https:\\\/\\\/bikebag.info\\\/es\\\/#\\\/schema\\\/logo\\\/image\\\/\"}}]}<\/script>\n<!-- \/ Yoast SEO plugin. -->","yoast_head_json":{"title":"Informaci\u00f3n del concesionario - BIKEBAG","robots":{"index":"index","follow":"follow","max-snippet":"max-snippet:-1","max-image-preview":"max-image-preview:large","max-video-preview":"max-video-preview:-1"},"canonical":"https:\/\/bikebag.info\/es\/informacion-del-concesionario\/","og_locale":"es_ES","og_type":"article","og_title":"Informaci\u00f3n del concesionario - BIKEBAG","og_description":"[vc_row row_type=\u00bbrow\u00bb use_row_as_full_screen_section=\u00bbno\u00bb type=\u00bbfull_width\u00bb text_align=\u00bbleft\u00bb background_animation=\u00bbnone\u00bb css_animation=\u00bb\u00bb][vc_column][qode_elements_holder number_of_columns=\u00bbtwo_columns\u00bb][qode_elements_holder_item background_image=\u00bb1602&#8243; item_padding=\u00bb33px 33px 33px 33px\u00bb][vc_single_image image=\u00bb1647&#8243; img_size=\u00bbfull\u00bb alignment=\u00bbcenter\u00bb qode_css_animation=\u00bb\u00bb css=\u00bb.vc_custom_1712789186023{padding-top: 77px !important;padding-right: 5% !important;padding-bottom: 77px !important;padding-left: 5% !important;}\u00bb][\/qode_elements_holder_item][qode_elements_holder_item background_color=\u00bb#dfe3b9&#8243; item_padding=\u00bb33px 33px 33px 0px\u00bb vertical_alignment=\u00bbtop\u00bb][vc_column_text css=\u00bb.vc_custom_1711992378600{padding-left: 33px !important;}\u00bb] El regalo promocional ideal para distribuidores de bicicletas y clubes...","og_url":"https:\/\/bikebag.info\/es\/informacion-del-concesionario\/","og_site_name":"BIKEBAG","article_modified_time":"2024-04-11T12:45:55+00:00","twitter_card":"summary_large_image","twitter_misc":{"Tiempo de lectura":"4 minutos"},"schema":{"@context":"https:\/\/schema.org","@graph":[{"@type":"WebPage","@id":"https:\/\/bikebag.info\/es\/informacion-del-concesionario\/","url":"https:\/\/bikebag.info\/es\/informacion-del-concesionario\/","name":"Informaci\u00f3n del concesionario - BIKEBAG","isPartOf":{"@id":"https:\/\/bikebag.info\/es\/#website"},"datePublished":"2024-04-01T17:03:20+00:00","dateModified":"2024-04-11T12:45:55+00:00","breadcrumb":{"@id":"https:\/\/bikebag.info\/es\/informacion-del-concesionario\/#breadcrumb"},"inLanguage":"es","potentialAction":[{"@type":"ReadAction","target":["https:\/\/bikebag.info\/es\/informacion-del-concesionario\/"]}]},{"@type":"BreadcrumbList","@id":"https:\/\/bikebag.info\/es\/informacion-del-concesionario\/#breadcrumb","itemListElement":[{"@type":"ListItem","position":1,"name":"Home","item":"https:\/\/bikebag.info\/es\/inicio\/"},{"@type":"ListItem","position":2,"name":"Informaci\u00f3n del concesionario"}]},{"@type":"WebSite","@id":"https:\/\/bikebag.info\/es\/#website","url":"https:\/\/bikebag.info\/es\/","name":"BIKEBAG","description":"fast, flex and easy bike bag","publisher":{"@id":"https:\/\/bikebag.info\/es\/#organization"},"potentialAction":[{"@type":"SearchAction","target":{"@type":"EntryPoint","urlTemplate":"https:\/\/bikebag.info\/es\/?s={search_term_string}"},"query-input":{"@type":"PropertyValueSpecification","valueRequired":true,"valueName":"search_term_string"}}],"inLanguage":"es"},{"@type":"Organization","@id":"https:\/\/bikebag.info\/es\/#organization","name":"BIKEBAG","url":"https:\/\/bikebag.info\/es\/","logo":{"@type":"ImageObject","inLanguage":"es","@id":"https:\/\/bikebag.info\/es\/#\/schema\/logo\/image\/","url":"https:\/\/bikebag.info\/wp-content\/uploads\/2023\/09\/bb-logo-big-300.png","contentUrl":"https:\/\/bikebag.info\/wp-content\/uploads\/2023\/09\/bb-logo-big-300.png","width":300,"height":83,"caption":"BIKEBAG"},"image":{"@id":"https:\/\/bikebag.info\/es\/#\/schema\/logo\/image\/"}}]}},"_links":{"self":[{"href":"https:\/\/bikebag.info\/es\/wp-json\/wp\/v2\/pages\/1511","targetHints":{"allow":["GET"]}}],"collection":[{"href":"https:\/\/bikebag.info\/es\/wp-json\/wp\/v2\/pages"}],"about":[{"href":"https:\/\/bikebag.info\/es\/wp-json\/wp\/v2\/types\/page"}],"author":[{"embeddable":true,"href":"https:\/\/bikebag.info\/es\/wp-json\/wp\/v2\/users\/1"}],"replies":[{"embeddable":true,"href":"https:\/\/bikebag.info\/es\/wp-json\/wp\/v2\/comments?post=1511"}],"version-history":[{"count":30,"href":"https:\/\/bikebag.info\/es\/wp-json\/wp\/v2\/pages\/1511\/revisions"}],"predecessor-version":[{"id":1834,"href":"https:\/\/bikebag.info\/es\/wp-json\/wp\/v2\/pages\/1511\/revisions\/1834"}],"wp:attachment":[{"href":"https:\/\/bikebag.info\/es\/wp-json\/wp\/v2\/media?parent=1511"}],"curies":[{"name":"wp","href":"https:\/\/api.w.org\/{rel}","templated":true}]}}