{"id":1495,"date":"2024-04-01T17:03:20","date_gmt":"2024-04-01T17:03:20","guid":{"rendered":"https:\/\/bikebag.info\/informations-sur-le-concessionnaire\/"},"modified":"2024-04-11T12:41:08","modified_gmt":"2024-04-11T12:41:08","slug":"informations-sur-le-concessionnaire","status":"publish","type":"page","link":"https:\/\/bikebag.info\/fr\/informations-sur-le-concessionnaire\/","title":{"rendered":"Informations sur le concessionnaire"},"content":{"rendered":"<p>[vc_row row_type=\u00a0\u00bbrow\u00a0\u00bb use_row_as_full_screen_section=\u00a0\u00bbno\u00a0\u00bb type=\u00a0\u00bbfull_width\u00a0\u00bb text_align=\u00a0\u00bbleft\u00a0\u00bb background_animation=\u00a0\u00bbnone\u00a0\u00bb css_animation=\u00a0\u00bb\u00a0\u00bb][vc_column][qode_elements_holder number_of_columns=\u00a0\u00bbtwo_columns\u00a0\u00bb][qode_elements_holder_item background_image=\u00a0\u00bb1602&Prime; item_padding=\u00a0\u00bb33px 33px 33px 33px\u00a0\u00bb][vc_single_image image=\u00a0\u00bb1645&Prime; img_size=\u00a0\u00bbfull\u00a0\u00bb alignment=\u00a0\u00bbcenter\u00a0\u00bb qode_css_animation=\u00a0\u00bb\u00a0\u00bb css=\u00a0\u00bb.vc_custom_1712789186023{padding-top: 77px !important;padding-right: 5% !important;padding-bottom: 77px !important;padding-left: 5% !important;}\u00a0\u00bb][\/qode_elements_holder_item][qode_elements_holder_item background_color=\u00a0\u00bb#dfe3b9&Prime; item_padding=\u00a0\u00bb33px 33px 33px 0px\u00a0\u00bb vertical_alignment=\u00a0\u00bbtop\u00a0\u00bb][vc_column_text css=\u00a0\u00bb.vc_custom_1711992378600{padding-left: 33px !important;}\u00a0\u00bb]<\/p>\n<h1>Le cadeau promotionnel id\u00e9al pour les concessionnaires de v\u00e9los et les clubs!<\/h1>\n<p>Vous \u00eates \u00e0 la recherche d&rsquo;un cadeau promotionnel unique qui ravira vos clients et vos membres ? Notre petite sacoche pour v\u00e9lo, peu co\u00fbteuse, est la solution id\u00e9ale! Id\u00e9al pour les revendeurs de bicyclettes comme compl\u00e9ment \u00e0 vos produits ou pour les clubs de cyclistes comme cadeau sp\u00e9cial de No\u00ebl.[\/vc_column_text][\/qode_elements_holder_item][\/qode_elements_holder][\/vc_column][\/vc_row][vc_row row_type=\u00a0\u00bbrow\u00a0\u00bb use_row_as_full_screen_section=\u00a0\u00bbno\u00a0\u00bb type=\u00a0\u00bbfull_width\u00a0\u00bb text_align=\u00a0\u00bbleft\u00a0\u00bb background_animation=\u00a0\u00bbnone\u00a0\u00bb padding_top=\u00a0\u00bb55&Prime; css_animation=\u00a0\u00bb\u00a0\u00bb css=\u00a0\u00bb.vc_custom_1696357082166{padding-top: 33px !important;padding-right: 33px !important;padding-bottom: 33px !important;padding-left: 33px !important;}\u00a0\u00bb][vc_column width=\u00a0\u00bb1\/2&Prime;][vc_column_text]<strong>Pourquoi notre sac \u00e0 v\u00e9lo ?<\/strong><\/p>\n<p>&nbsp;<\/p>\n<p><strong>Pratique et polyvalent:<\/strong><br \/>\nCe sac est compact, l\u00e9ger et offre suffisamment d&rsquo;espace pour les objets les plus importants lors d&rsquo;une randonn\u00e9e \u00e0 v\u00e9lo, qu&rsquo;il s&rsquo;agisse d&rsquo;un en-cas, d&rsquo;une boisson ou d&rsquo;une chambre \u00e0 air de rechange.<\/p>\n<p>&nbsp;<\/p>\n<p><strong>Mat\u00e9riaux de haute qualit\u00e9:<\/strong><br \/>\nFabriqu\u00e9 dans un mat\u00e9riau durable qui peut r\u00e9sister aux rigueurs du cyclisme tout en \u00e9tant facile \u00e0 nettoyer.[\/vc_column_text][vc_empty_space height=\u00a0\u00bb22px\u00a0\u00bb][\/vc_column][vc_column width=\u00a0\u00bb1\/2&Prime;][vc_column_text]<strong>Personnalisable avec votre logo:<\/strong><br \/>\nNous offrons la possibilit\u00e9 d&rsquo;ajouter le logo de votre entreprise en une couleur (blanc) sur le sac pour ajouter une touche personnalis\u00e9e tout en mettant en valeur votre marque.<\/p>\n<p>&nbsp;<\/p>\n<p><strong>Design attrayant:<\/strong><br \/>\nL&rsquo;\u00e9l\u00e9gance simple de cette sacoche pour v\u00e9lo en fait un accessoire intemporel qui sera appr\u00e9ci\u00e9 par les cyclistes de tous \u00e2ges.[\/vc_column_text][vc_empty_space height=\u00a0\u00bb55px\u00a0\u00bb][\/vc_column][\/vc_row][vc_row row_type=\u00a0\u00bbrow\u00a0\u00bb use_row_as_full_screen_section=\u00a0\u00bbno\u00a0\u00bb type=\u00a0\u00bbfull_width\u00a0\u00bb text_align=\u00a0\u00bbleft\u00a0\u00bb background_animation=\u00a0\u00bbnone\u00a0\u00bb css_animation=\u00a0\u00bb\u00a0\u00bb][vc_column][qode_elements_holder number_of_columns=\u00a0\u00bbtwo_columns\u00a0\u00bb][qode_elements_holder_item background_color=\u00a0\u00bb#dfe3b9&Prime; item_padding=\u00a0\u00bb33px 33px 33px 33px\u00a0\u00bb vertical_alignment=\u00a0\u00bbtop\u00a0\u00bb][vc_column_text]<\/p>\n<h1><strong>Demandez maintenant!<\/strong><\/h1>\n<p>Vous souhaitez en savoir plus sur notre sac \u00e0 v\u00e9lo ou recevoir un devis ? N&rsquo;h\u00e9sitez pas \u00e0 nous contacter Nous sommes \u00e0 votre disposition pour r\u00e9pondre \u00e0 vos questions et vous aider \u00e0 r\u00e9aliser ce cadeau promotionnel unique<\/p>\n<p>Contactez-nous d\u00e8s aujourd&rsquo;hui pour passer votre commande et rendre vos clients ou vos membres heureux!<\/p>\n<p>&nbsp;<\/p>\n<p><strong>Courriel : <a href=\"mailto:info@bikebag.info\">info@bikebag.info<\/a><\/strong>[\/vc_column_text][\/qode_elements_holder_item][qode_elements_holder_item vertical_alignment=\u00a0\u00bbtop\u00a0\u00bb][vc_single_image image=\u00a0\u00bb1652&Prime; img_size=\u00a0\u00bbfull\u00a0\u00bb qode_css_animation=\u00a0\u00bb\u00a0\u00bb][\/qode_elements_holder_item][\/qode_elements_holder][\/vc_column][\/vc_row][vc_row row_type=\u00a0\u00bbrow\u00a0\u00bb use_row_as_full_screen_section=\u00a0\u00bbno\u00a0\u00bb type=\u00a0\u00bbfull_width\u00a0\u00bb text_align=\u00a0\u00bbleft\u00a0\u00bb background_animation=\u00a0\u00bbnone\u00a0\u00bb padding_top=\u00a0\u00bb55&Prime; css_animation=\u00a0\u00bb\u00a0\u00bb][vc_column][vc_gallery type=\u00a0\u00bbimage_grid\u00a0\u00bb images=\u00a0\u00bb270,264,261,1351,1401,1433,1417,1409,1421,1441,1437,1341&Prime; img_size=\u00a0\u00bb500&#215;333&Prime; column_number=\u00a0\u00bb3&Prime; grayscale=\u00a0\u00bbno\u00a0\u00bb space_between_images=\u00a0\u00bbno\u00a0\u00bb][vc_empty_space][vc_column_text]<\/p>\n<h1 style=\"text-align: center;\"><a href=\"mailto:info@bikebag.info\"><strong>&gt;Demandez maintenant!<\/strong><\/a><\/h1>\n<p>[\/vc_column_text][\/vc_column][\/vc_row][vc_row row_type=\u00a0\u00bbrow\u00a0\u00bb use_row_as_full_screen_section=\u00a0\u00bbno\u00a0\u00bb type=\u00a0\u00bbfull_width\u00a0\u00bb text_align=\u00a0\u00bbleft\u00a0\u00bb background_animation=\u00a0\u00bbnone\u00a0\u00bb padding_top=\u00a0\u00bb33&Prime; css_animation=\u00a0\u00bb\u00a0\u00bb][vc_column offset=\u00a0\u00bbvc_hidden-xs\u00a0\u00bb][vc_row_inner row_type=\u00a0\u00bbrow\u00a0\u00bb type=\u00a0\u00bbfull_width\u00a0\u00bb use_row_as_full_screen_section_slide=\u00a0\u00bbno\u00a0\u00bb text_align=\u00a0\u00bbcenter\u00a0\u00bb css_animation=\u00a0\u00bb\u00a0\u00bb background_color=\u00a0\u00bb#dfe3b9&Prime; css=\u00a0\u00bb.vc_custom_1712752451604{padding-top: 55px !important;padding-right: 55px !important;padding-bottom: 22px !important;padding-left: 55px !important;}\u00a0\u00bb][vc_column_inner][vc_single_image image=\u00a0\u00bb1570&Prime; img_size=\u00a0\u00bbfull\u00a0\u00bb alignment=\u00a0\u00bbcenter\u00a0\u00bb qode_css_animation=\u00a0\u00bb\u00a0\u00bb css=\u00a0\u00bb.vc_custom_1712752434818{padding-right: 10% !important;padding-left: 10% !important;}\u00a0\u00bb][vc_empty_space][vc_column_text]<\/p>\n<p style=\"text-align: center;\"><strong><span style=\"color: #000000;\">BIKEBAG<\/span><\/strong><span style=\"color: #333333;\"><a style=\"color: #333333;\" href=\"http:\/\/logopilot.de\">par Logopilot<\/a> |<\/span><span style=\"color: #333333;\"><a style=\"color: #333333;\" href=\"https:\/\/bikebag.info\/impressum\/\">Impressum<\/a> | <a style=\"color: #333333;\" href=\"https:\/\/bikebag.info\/fr\/newsletter\/\">Newsletter<\/a> | <a style=\"color: #333333;\" href=\"http:\/\/kickstarter.com\">Crowdfunding<\/a> | <a style=\"color: #333333;\" href=\"mailto:info@bikebag.info\">Contact<\/a><\/span><\/p>\n<p>[\/vc_column_text][\/vc_column_inner][\/vc_row_inner][\/vc_column][\/vc_row][vc_row row_type=\u00a0\u00bbrow\u00a0\u00bb use_row_as_full_screen_section=\u00a0\u00bbno\u00a0\u00bb type=\u00a0\u00bbfull_width\u00a0\u00bb text_align=\u00a0\u00bbleft\u00a0\u00bb background_animation=\u00a0\u00bbnone\u00a0\u00bb css_animation=\u00a0\u00bb\u00a0\u00bb][vc_column offset=\u00a0\u00bbvc_hidden-lg vc_hidden-md vc_hidden-sm\u00a0\u00bb][vc_row_inner row_type=\u00a0\u00bbrow\u00a0\u00bb type=\u00a0\u00bbfull_width\u00a0\u00bb use_row_as_full_screen_section_slide=\u00a0\u00bbno\u00a0\u00bb text_align=\u00a0\u00bbleft\u00a0\u00bb css_animation=\u00a0\u00bb\u00a0\u00bb background_color=\u00a0\u00bb#dfe3b9&Prime; css=\u00a0\u00bb.vc_custom_1712765400412{padding-top: 22px !important;padding-right: 22px !important;padding-bottom: 22px !important;padding-left: 22px !important;}\u00a0\u00bb][vc_column_inner offset=\u00a0\u00bbvc_hidden-lg vc_hidden-md vc_hidden-sm\u00a0\u00bb][vc_single_image image=\u00a0\u00bb1108&Prime; img_size=\u00a0\u00bbfull\u00a0\u00bb qode_css_animation=\u00a0\u00bb\u00a0\u00bb][vc_single_image image=\u00a0\u00bb1112&Prime; img_size=\u00a0\u00bbfull\u00a0\u00bb qode_css_animation=\u00a0\u00bb\u00a0\u00bb][vc_column_text]<\/p>\n<p style=\"text-align: center;\"><span style=\"color: #3d891f;\">\u00a9 BIKEBAGby <a style=\"color: #3d891f;\" href=\"http:\/\/logopilot.de\">Logopilot<\/a><\/span><\/p>\n<p style=\"text-align: center;\"><span style=\"color: #3d891f;\"><a style=\"color: #3d891f;\" href=\"https:\/\/bikebag.info\/impressum\/\">Impressum<\/a> | <a style=\"color: #3d891f;\" href=\"https:\/\/bikebag.info\/fr\/newsletter\/\">Newsletter<\/a> | <a style=\"color: #3d891f;\" href=\"http:\/\/kickstarter.de\">Crowdfunding<\/a><\/span><\/p>\n<p>[\/vc_column_text][\/vc_column_inner][\/vc_row_inner][\/vc_column][\/vc_row]<\/p>\n","protected":false},"excerpt":{"rendered":"<p>[vc_row row_type=\u00a0\u00bbrow\u00a0\u00bb use_row_as_full_screen_section=\u00a0\u00bbno\u00a0\u00bb type=\u00a0\u00bbfull_width\u00a0\u00bb text_align=\u00a0\u00bbleft\u00a0\u00bb background_animation=\u00a0\u00bbnone\u00a0\u00bb css_animation=\u00a0\u00bb\u00a0\u00bb][vc_column][qode_elements_holder number_of_columns=\u00a0\u00bbtwo_columns\u00a0\u00bb][qode_elements_holder_item background_image=\u00a0\u00bb1602&Prime; item_padding=\u00a0\u00bb33px 33px 33px 33px\u00a0\u00bb][vc_single_image image=\u00a0\u00bb1645&Prime; img_size=\u00a0\u00bbfull\u00a0\u00bb alignment=\u00a0\u00bbcenter\u00a0\u00bb qode_css_animation=\u00a0\u00bb\u00a0\u00bb css=\u00a0\u00bb.vc_custom_1712789186023{padding-top: 77px !important;padding-right: 5% !important;padding-bottom: 77px !important;padding-left: 5% !important;}\u00a0\u00bb][\/qode_elements_holder_item][qode_elements_holder_item background_color=\u00a0\u00bb#dfe3b9&Prime; item_padding=\u00a0\u00bb33px 33px 33px 0px\u00a0\u00bb vertical_alignment=\u00a0\u00bbtop\u00a0\u00bb][vc_column_text css=\u00a0\u00bb.vc_custom_1711992378600{padding-left: 33px !important;}\u00a0\u00bb] Le cadeau promotionnel id\u00e9al pour les concessionnaires de v\u00e9los et&#8230;<\/p>\n","protected":false},"author":1,"featured_media":0,"parent":0,"menu_order":0,"comment_status":"closed","ping_status":"closed","template":"","meta":{"footnotes":""},"class_list":["post-1495","page","type-page","status-publish","hentry"],"yoast_head":"<!-- This site is optimized with the Yoast SEO plugin v27.6 - https:\/\/yoast.com\/product\/yoast-seo-wordpress\/ -->\n<title>Informations sur le concessionnaire - BIKEBAG<\/title>\n<meta name=\"robots\" content=\"index, follow, max-snippet:-1, max-image-preview:large, max-video-preview:-1\" \/>\n<link rel=\"canonical\" href=\"https:\/\/bikebag.info\/fr\/informations-sur-le-concessionnaire\/\" \/>\n<meta property=\"og:locale\" content=\"fr_FR\" \/>\n<meta property=\"og:type\" content=\"article\" \/>\n<meta property=\"og:title\" content=\"Informations sur le concessionnaire - BIKEBAG\" \/>\n<meta property=\"og:description\" content=\"[vc_row row_type=\u00a0\u00bbrow\u00a0\u00bb use_row_as_full_screen_section=\u00a0\u00bbno\u00a0\u00bb type=\u00a0\u00bbfull_width\u00a0\u00bb text_align=\u00a0\u00bbleft\u00a0\u00bb background_animation=\u00a0\u00bbnone\u00a0\u00bb css_animation=\u00a0\u00bb\u00a0\u00bb][vc_column][qode_elements_holder number_of_columns=\u00a0\u00bbtwo_columns\u00a0\u00bb][qode_elements_holder_item background_image=\u00a0\u00bb1602&Prime; item_padding=\u00a0\u00bb33px 33px 33px 33px\u00a0\u00bb][vc_single_image image=\u00a0\u00bb1645&Prime; img_size=\u00a0\u00bbfull\u00a0\u00bb alignment=\u00a0\u00bbcenter\u00a0\u00bb qode_css_animation=\u00a0\u00bb\u00a0\u00bb css=\u00a0\u00bb.vc_custom_1712789186023{padding-top: 77px !important;padding-right: 5% !important;padding-bottom: 77px !important;padding-left: 5% !important;}\u00a0\u00bb][\/qode_elements_holder_item][qode_elements_holder_item background_color=\u00a0\u00bb#dfe3b9&Prime; item_padding=\u00a0\u00bb33px 33px 33px 0px\u00a0\u00bb vertical_alignment=\u00a0\u00bbtop\u00a0\u00bb][vc_column_text css=\u00a0\u00bb.vc_custom_1711992378600{padding-left: 33px !important;}\u00a0\u00bb] Le cadeau promotionnel id\u00e9al pour les concessionnaires de v\u00e9los et...\" \/>\n<meta property=\"og:url\" content=\"https:\/\/bikebag.info\/fr\/informations-sur-le-concessionnaire\/\" \/>\n<meta property=\"og:site_name\" content=\"BIKEBAG\" \/>\n<meta property=\"article:modified_time\" content=\"2024-04-11T12:41:08+00:00\" \/>\n<meta name=\"twitter:card\" content=\"summary_large_image\" \/>\n<meta name=\"twitter:label1\" content=\"Dur\u00e9e de lecture estim\u00e9e\" \/>\n\t<meta name=\"twitter:data1\" content=\"4 minutes\" \/>\n<script type=\"application\/ld+json\" class=\"yoast-schema-graph\">{\"@context\":\"https:\\\/\\\/schema.org\",\"@graph\":[{\"@type\":\"WebPage\",\"@id\":\"https:\\\/\\\/bikebag.info\\\/fr\\\/informations-sur-le-concessionnaire\\\/\",\"url\":\"https:\\\/\\\/bikebag.info\\\/fr\\\/informations-sur-le-concessionnaire\\\/\",\"name\":\"Informations sur le concessionnaire - BIKEBAG\",\"isPartOf\":{\"@id\":\"https:\\\/\\\/bikebag.info\\\/fr\\\/#website\"},\"datePublished\":\"2024-04-01T17:03:20+00:00\",\"dateModified\":\"2024-04-11T12:41:08+00:00\",\"breadcrumb\":{\"@id\":\"https:\\\/\\\/bikebag.info\\\/fr\\\/informations-sur-le-concessionnaire\\\/#breadcrumb\"},\"inLanguage\":\"fr-FR\",\"potentialAction\":[{\"@type\":\"ReadAction\",\"target\":[\"https:\\\/\\\/bikebag.info\\\/fr\\\/informations-sur-le-concessionnaire\\\/\"]}]},{\"@type\":\"BreadcrumbList\",\"@id\":\"https:\\\/\\\/bikebag.info\\\/fr\\\/informations-sur-le-concessionnaire\\\/#breadcrumb\",\"itemListElement\":[{\"@type\":\"ListItem\",\"position\":1,\"name\":\"Home\",\"item\":\"https:\\\/\\\/bikebag.info\\\/fr\\\/start\\\/\"},{\"@type\":\"ListItem\",\"position\":2,\"name\":\"Informations sur le concessionnaire\"}]},{\"@type\":\"WebSite\",\"@id\":\"https:\\\/\\\/bikebag.info\\\/fr\\\/#website\",\"url\":\"https:\\\/\\\/bikebag.info\\\/fr\\\/\",\"name\":\"BIKEBAG\",\"description\":\"fast, flex and easy bike bag\",\"publisher\":{\"@id\":\"https:\\\/\\\/bikebag.info\\\/fr\\\/#organization\"},\"potentialAction\":[{\"@type\":\"SearchAction\",\"target\":{\"@type\":\"EntryPoint\",\"urlTemplate\":\"https:\\\/\\\/bikebag.info\\\/fr\\\/?s={search_term_string}\"},\"query-input\":{\"@type\":\"PropertyValueSpecification\",\"valueRequired\":true,\"valueName\":\"search_term_string\"}}],\"inLanguage\":\"fr-FR\"},{\"@type\":\"Organization\",\"@id\":\"https:\\\/\\\/bikebag.info\\\/fr\\\/#organization\",\"name\":\"BIKEBAG\",\"url\":\"https:\\\/\\\/bikebag.info\\\/fr\\\/\",\"logo\":{\"@type\":\"ImageObject\",\"inLanguage\":\"fr-FR\",\"@id\":\"https:\\\/\\\/bikebag.info\\\/fr\\\/#\\\/schema\\\/logo\\\/image\\\/\",\"url\":\"https:\\\/\\\/bikebag.info\\\/wp-content\\\/uploads\\\/2023\\\/09\\\/bb-logo-big-300.png\",\"contentUrl\":\"https:\\\/\\\/bikebag.info\\\/wp-content\\\/uploads\\\/2023\\\/09\\\/bb-logo-big-300.png\",\"width\":300,\"height\":83,\"caption\":\"BIKEBAG\"},\"image\":{\"@id\":\"https:\\\/\\\/bikebag.info\\\/fr\\\/#\\\/schema\\\/logo\\\/image\\\/\"}}]}<\/script>\n<!-- \/ Yoast SEO plugin. -->","yoast_head_json":{"title":"Informations sur le concessionnaire - BIKEBAG","robots":{"index":"index","follow":"follow","max-snippet":"max-snippet:-1","max-image-preview":"max-image-preview:large","max-video-preview":"max-video-preview:-1"},"canonical":"https:\/\/bikebag.info\/fr\/informations-sur-le-concessionnaire\/","og_locale":"fr_FR","og_type":"article","og_title":"Informations sur le concessionnaire - BIKEBAG","og_description":"[vc_row row_type=\u00a0\u00bbrow\u00a0\u00bb use_row_as_full_screen_section=\u00a0\u00bbno\u00a0\u00bb type=\u00a0\u00bbfull_width\u00a0\u00bb text_align=\u00a0\u00bbleft\u00a0\u00bb background_animation=\u00a0\u00bbnone\u00a0\u00bb css_animation=\u00a0\u00bb\u00a0\u00bb][vc_column][qode_elements_holder number_of_columns=\u00a0\u00bbtwo_columns\u00a0\u00bb][qode_elements_holder_item background_image=\u00a0\u00bb1602&Prime; item_padding=\u00a0\u00bb33px 33px 33px 33px\u00a0\u00bb][vc_single_image image=\u00a0\u00bb1645&Prime; img_size=\u00a0\u00bbfull\u00a0\u00bb alignment=\u00a0\u00bbcenter\u00a0\u00bb qode_css_animation=\u00a0\u00bb\u00a0\u00bb css=\u00a0\u00bb.vc_custom_1712789186023{padding-top: 77px !important;padding-right: 5% !important;padding-bottom: 77px !important;padding-left: 5% !important;}\u00a0\u00bb][\/qode_elements_holder_item][qode_elements_holder_item background_color=\u00a0\u00bb#dfe3b9&Prime; item_padding=\u00a0\u00bb33px 33px 33px 0px\u00a0\u00bb vertical_alignment=\u00a0\u00bbtop\u00a0\u00bb][vc_column_text css=\u00a0\u00bb.vc_custom_1711992378600{padding-left: 33px !important;}\u00a0\u00bb] Le cadeau promotionnel id\u00e9al pour les concessionnaires de v\u00e9los et...","og_url":"https:\/\/bikebag.info\/fr\/informations-sur-le-concessionnaire\/","og_site_name":"BIKEBAG","article_modified_time":"2024-04-11T12:41:08+00:00","twitter_card":"summary_large_image","twitter_misc":{"Dur\u00e9e de lecture estim\u00e9e":"4 minutes"},"schema":{"@context":"https:\/\/schema.org","@graph":[{"@type":"WebPage","@id":"https:\/\/bikebag.info\/fr\/informations-sur-le-concessionnaire\/","url":"https:\/\/bikebag.info\/fr\/informations-sur-le-concessionnaire\/","name":"Informations sur le concessionnaire - BIKEBAG","isPartOf":{"@id":"https:\/\/bikebag.info\/fr\/#website"},"datePublished":"2024-04-01T17:03:20+00:00","dateModified":"2024-04-11T12:41:08+00:00","breadcrumb":{"@id":"https:\/\/bikebag.info\/fr\/informations-sur-le-concessionnaire\/#breadcrumb"},"inLanguage":"fr-FR","potentialAction":[{"@type":"ReadAction","target":["https:\/\/bikebag.info\/fr\/informations-sur-le-concessionnaire\/"]}]},{"@type":"BreadcrumbList","@id":"https:\/\/bikebag.info\/fr\/informations-sur-le-concessionnaire\/#breadcrumb","itemListElement":[{"@type":"ListItem","position":1,"name":"Home","item":"https:\/\/bikebag.info\/fr\/start\/"},{"@type":"ListItem","position":2,"name":"Informations sur le concessionnaire"}]},{"@type":"WebSite","@id":"https:\/\/bikebag.info\/fr\/#website","url":"https:\/\/bikebag.info\/fr\/","name":"BIKEBAG","description":"fast, flex and easy bike bag","publisher":{"@id":"https:\/\/bikebag.info\/fr\/#organization"},"potentialAction":[{"@type":"SearchAction","target":{"@type":"EntryPoint","urlTemplate":"https:\/\/bikebag.info\/fr\/?s={search_term_string}"},"query-input":{"@type":"PropertyValueSpecification","valueRequired":true,"valueName":"search_term_string"}}],"inLanguage":"fr-FR"},{"@type":"Organization","@id":"https:\/\/bikebag.info\/fr\/#organization","name":"BIKEBAG","url":"https:\/\/bikebag.info\/fr\/","logo":{"@type":"ImageObject","inLanguage":"fr-FR","@id":"https:\/\/bikebag.info\/fr\/#\/schema\/logo\/image\/","url":"https:\/\/bikebag.info\/wp-content\/uploads\/2023\/09\/bb-logo-big-300.png","contentUrl":"https:\/\/bikebag.info\/wp-content\/uploads\/2023\/09\/bb-logo-big-300.png","width":300,"height":83,"caption":"BIKEBAG"},"image":{"@id":"https:\/\/bikebag.info\/fr\/#\/schema\/logo\/image\/"}}]}},"_links":{"self":[{"href":"https:\/\/bikebag.info\/fr\/wp-json\/wp\/v2\/pages\/1495","targetHints":{"allow":["GET"]}}],"collection":[{"href":"https:\/\/bikebag.info\/fr\/wp-json\/wp\/v2\/pages"}],"about":[{"href":"https:\/\/bikebag.info\/fr\/wp-json\/wp\/v2\/types\/page"}],"author":[{"embeddable":true,"href":"https:\/\/bikebag.info\/fr\/wp-json\/wp\/v2\/users\/1"}],"replies":[{"embeddable":true,"href":"https:\/\/bikebag.info\/fr\/wp-json\/wp\/v2\/comments?post=1495"}],"version-history":[{"count":26,"href":"https:\/\/bikebag.info\/fr\/wp-json\/wp\/v2\/pages\/1495\/revisions"}],"predecessor-version":[{"id":1784,"href":"https:\/\/bikebag.info\/fr\/wp-json\/wp\/v2\/pages\/1495\/revisions\/1784"}],"wp:attachment":[{"href":"https:\/\/bikebag.info\/fr\/wp-json\/wp\/v2\/media?parent=1495"}],"curies":[{"name":"wp","href":"https:\/\/api.w.org\/{rel}","templated":true}]}}